{"id":6,"date":"2022-02-20T18:21:49","date_gmt":"2022-02-20T17:21:49","guid":{"rendered":"http:\/\/sylviehippolyte.fr\/?page_id=6"},"modified":"2022-02-20T18:47:16","modified_gmt":"2022-02-20T17:47:16","slug":"lauteure","status":"publish","type":"page","link":"https:\/\/sylviehippolyte.fr\/?page_id=6","title":{"rendered":"L&rsquo;auteure"},"content":{"rendered":"\n<div class=\"wp-block-media-text alignwide is-stacked-on-mobile\" style=\"grid-template-columns:38% auto\"><figure class=\"wp-block-media-text__media\"><img loading=\"lazy\" decoding=\"async\" width=\"553\" height=\"415\" src=\"https:\/\/sylviehippolyte.fr\/wp-content\/uploads\/2022\/02\/Image1.jpg\" alt=\"\" class=\"wp-image-14 size-full\" srcset=\"https:\/\/sylviehippolyte.fr\/wp-content\/uploads\/2022\/02\/Image1.jpg 553w, https:\/\/sylviehippolyte.fr\/wp-content\/uploads\/2022\/02\/Image1-300x225.jpg 300w\" sizes=\"auto, (max-width: 553px) 100vw, 553px\" \/><\/figure><div class=\"wp-block-media-text__content\">\n<p class=\"has-large-font-size\">Bienvenue sur mon site<\/p>\n\n\n\n<p>De la lecture \u00e0 l\u2019\u00e9criture par d\u00e9sir d\u2019imiter un auteur, il n\u2019y a qu\u2019un pas. Je l\u2019ai franchi \u00e0 13 ans avec un roman r\u00e9dig\u00e9 sur des feuilles mobiles de classeur, puis un journal intime et des po\u00e8mes.&nbsp;<\/p>\n\n\n\n<p>Ma fringale de lecture s\u2019est transform\u00e9e en fringale d\u2019\u00e9criture, un crayon et des morceaux de papier toujours en poche. \u00c9crire n\u2019importe o\u00f9, mais \u00e9crire, avec la passion du mot adapt\u00e9 au message.<\/p>\n\n\n\n<p>Sylvie Hippolyte<\/p>\n<\/div><\/div>\n\n\n\n<p><\/p>\n\n\n\n<figure class=\"wp-block-gallery columns-3 is-cropped wp-block-gallery-1 is-layout-flex wp-block-gallery-is-layout-flex\"><ul class=\"blocks-gallery-grid\"><li class=\"blocks-gallery-item\"><figure><img loading=\"lazy\" decoding=\"async\" width=\"463\" height=\"663\" src=\"https:\/\/sylviehippolyte.fr\/wp-content\/uploads\/2022\/02\/Couverture-MT.jpg\" alt=\"\" data-id=\"26\" data-link=\"https:\/\/sylviehippolyte.fr\/?attachment_id=26\" class=\"wp-image-26\" srcset=\"https:\/\/sylviehippolyte.fr\/wp-content\/uploads\/2022\/02\/Couverture-MT.jpg 463w, https:\/\/sylviehippolyte.fr\/wp-content\/uploads\/2022\/02\/Couverture-MT-210x300.jpg 210w\" sizes=\"auto, (max-width: 463px) 100vw, 463px\" \/><\/figure><\/li><li class=\"blocks-gallery-item\"><figure><img loading=\"lazy\" decoding=\"async\" width=\"675\" height=\"1024\" src=\"https:\/\/sylviehippolyte.fr\/wp-content\/uploads\/2022\/02\/Couverture-JM-675x1024.jpg\" alt=\"\" data-id=\"25\" data-link=\"https:\/\/sylviehippolyte.fr\/?attachment_id=25\" class=\"wp-image-25\" srcset=\"https:\/\/sylviehippolyte.fr\/wp-content\/uploads\/2022\/02\/Couverture-JM-675x1024.jpg 675w, https:\/\/sylviehippolyte.fr\/wp-content\/uploads\/2022\/02\/Couverture-JM-198x300.jpg 198w, https:\/\/sylviehippolyte.fr\/wp-content\/uploads\/2022\/02\/Couverture-JM-768x1165.jpg 768w, https:\/\/sylviehippolyte.fr\/wp-content\/uploads\/2022\/02\/Couverture-JM-1012x1536.jpg 1012w, https:\/\/sylviehippolyte.fr\/wp-content\/uploads\/2022\/02\/Couverture-JM-1350x2048.jpg 1350w, https:\/\/sylviehippolyte.fr\/wp-content\/uploads\/2022\/02\/Couverture-JM-920x1396.jpg 920w, https:\/\/sylviehippolyte.fr\/wp-content\/uploads\/2022\/02\/Couverture-JM-scaled.jpg 1687w\" sizes=\"auto, (max-width: 675px) 100vw, 675px\" \/><\/figure><\/li><li class=\"blocks-gallery-item\"><figure><img loading=\"lazy\" decoding=\"async\" width=\"542\" height=\"832\" src=\"https:\/\/sylviehippolyte.fr\/wp-content\/uploads\/2022\/02\/Prmiere-de-couverture.png\" alt=\"\" data-id=\"27\" data-full-url=\"https:\/\/sylviehippolyte.fr\/wp-content\/uploads\/2022\/02\/Prmiere-de-couverture.png\" data-link=\"https:\/\/sylviehippolyte.fr\/?attachment_id=27\" class=\"wp-image-27\" srcset=\"https:\/\/sylviehippolyte.fr\/wp-content\/uploads\/2022\/02\/Prmiere-de-couverture.png 542w, https:\/\/sylviehippolyte.fr\/wp-content\/uploads\/2022\/02\/Prmiere-de-couverture-195x300.png 195w\" sizes=\"auto, (max-width: 542px) 100vw, 542px\" \/><\/figure><\/li><\/ul><\/figure>\n","protected":false},"excerpt":{"rendered":"<p>Bienvenue sur mon site De la lecture \u00e0 l\u2019\u00e9criture par d\u00e9sir d\u2019imiter un auteur, il n\u2019y&#46;&#46;&#46;<\/p>\n","protected":false},"author":1,"featured_media":0,"parent":0,"menu_order":0,"comment_status":"closed","ping_status":"closed","template":"","meta":{"footnotes":""},"class_list":["post-6","page","type-page","status-publish","hentry"],"post_mailing_queue_ids":[],"_links":{"self":[{"href":"https:\/\/sylviehippolyte.fr\/index.php?rest_route=\/wp\/v2\/pages\/6","targetHints":{"allow":["GET"]}}],"collection":[{"href":"https:\/\/sylviehippolyte.fr\/index.php?rest_route=\/wp\/v2\/pages"}],"about":[{"href":"https:\/\/sylviehippolyte.fr\/index.php?rest_route=\/wp\/v2\/types\/page"}],"author":[{"embeddable":true,"href":"https:\/\/sylviehippolyte.fr\/index.php?rest_route=\/wp\/v2\/users\/1"}],"replies":[{"embeddable":true,"href":"https:\/\/sylviehippolyte.fr\/index.php?rest_route=%2Fwp%2Fv2%2Fcomments&post=6"}],"version-history":[{"count":16,"href":"https:\/\/sylviehippolyte.fr\/index.php?rest_route=\/wp\/v2\/pages\/6\/revisions"}],"predecessor-version":[{"id":338,"href":"https:\/\/sylviehippolyte.fr\/index.php?rest_route=\/wp\/v2\/pages\/6\/revisions\/338"}],"wp:attachment":[{"href":"https:\/\/sylviehippolyte.fr\/index.php?rest_route=%2Fwp%2Fv2%2Fmedia&parent=6"}],"curies":[{"name":"wp","href":"https:\/\/api.w.org\/{rel}","templated":true}]}}