{"id":52,"date":"2022-02-20T19:04:58","date_gmt":"2022-02-20T18:04:58","guid":{"rendered":"http:\/\/sylviehippolyte.fr\/?page_id=52"},"modified":"2022-03-07T17:50:37","modified_gmt":"2022-03-07T16:50:37","slug":"couleurs-interieures","status":"publish","type":"page","link":"https:\/\/sylviehippolyte.fr\/?page_id=52","title":{"rendered":"Couleurs int\u00e9rieures"},"content":{"rendered":"\n<div class=\"wp-block-media-text alignwide is-stacked-on-mobile\" style=\"grid-template-columns:45% auto\"><figure class=\"wp-block-media-text__media\"><img loading=\"lazy\" decoding=\"async\" width=\"542\" height=\"832\" src=\"https:\/\/sylviehippolyte.fr\/wp-content\/uploads\/2022\/02\/Prmiere-de-couverture-2.png\" alt=\"\" class=\"wp-image-53 size-full\" srcset=\"https:\/\/sylviehippolyte.fr\/wp-content\/uploads\/2022\/02\/Prmiere-de-couverture-2.png 542w, https:\/\/sylviehippolyte.fr\/wp-content\/uploads\/2022\/02\/Prmiere-de-couverture-2-195x300.png 195w\" sizes=\"auto, (max-width: 542px) 100vw, 542px\" \/><\/figure><div class=\"wp-block-media-text__content\">\n<p>Ma po\u00e9sie est n\u00e9e dans l\u2019enfance. Les ma\u00eetres nous initiaient \u00e0 l\u2019art po\u00e9tique. Le cahier de r\u00e9citations \u00e9tait le plus soign\u00e9 des cahiers avec une page pour le texte et l\u2019autre page pour l\u2019illustration aux crayons de couleurs. Ils nous apprenaient \u00e0 donner vie aux mots, ils m\u2019ont transmis le d\u00e9sir d\u2019exploiter les jolis mots.<br><em>L\u2019\u00c9toile du soir<\/em> d\u2019Alfred de Musset m\u2019a inspir\u00e9 le po\u00e8me <em>Estrella<\/em> \u00e0 15 ans\u00a0; <em>Oceano Nox<\/em> nous faisait prendre conscience de la dangerosit\u00e9 de la mer\u00a0; <em>Le Dormeur du val<\/em> d\u2019Arthur Rimbaud m\u2019impressionnait par l\u2019atmosph\u00e8re sereine qu&rsquo;il d\u00e9gageait en contradiction avec l\u2019horreur de la derni\u00e8re phrase, et tant d\u2019autres po\u00e8mes choisis par les enseignants pour nous \u00e9veiller aux jugements sur l\u2019existence.<br>Durant mes jeunes ann\u00e9es, la po\u00e9sie a \u00e9t\u00e9 pour moi une mani\u00e8re de mettre de la gaiet\u00e9 et du bleu dans la monotonie quotidienne accablante.<\/p>\n\n\n\n<p>Depuis, elle est ma compagne de voyage dans le terrestre s\u00e9jour. Elle est souvenir, r\u00e9surrection du temps \u00e9coul\u00e9, des \u00eatres disparus, des \u00e9pisodes heureux ou chagrins. Elle se pare d\u2019inoubliable.<\/p>\n\n\n\n<p>Le recueil contient onze chapitres th\u00e9matiques&nbsp;: Entre mer et terre, Ma vie en couleur, Au rythme des saisons, Points de suspension, Pens\u00e9es vagabondes, Filent les ann\u00e9es, Regards, Au Pays de Caux, La t\u00eate \u00e0 l\u2019envers, Mes protestations et Juv\u00e9nile po\u00e9sie. Chaque po\u00e8me est miroir et \u00e9cho du v\u00e9cu. Il retrace ce qui m\u2019a touch\u00e9e \u00e0 un moment donn\u00e9. En lui attribuant des mots, je me r\u00e9approprie l\u2019\u00e9v\u00e9nement et lui restitue la sensibilit\u00e9 et les \u00e9motions qu\u2019il a suscit\u00e9es. Les mots se pr\u00e9sentent sans effort, ils appartiennent au langage ordinaire, mais ils chantent sous la plume, ils embellissent tout, m\u00eame les roses fan\u00e9es.<\/p>\n<\/div><\/div>\n","protected":false},"excerpt":{"rendered":"<p>Ma po\u00e9sie est n\u00e9e dans l\u2019enfance. Les ma\u00eetres nous initiaient \u00e0 l\u2019art po\u00e9tique. Le cahier de&#46;&#46;&#46;<\/p>\n","protected":false},"author":1,"featured_media":0,"parent":0,"menu_order":0,"comment_status":"closed","ping_status":"closed","template":"","meta":{"footnotes":""},"class_list":["post-52","page","type-page","status-publish","hentry"],"post_mailing_queue_ids":[],"_links":{"self":[{"href":"https:\/\/sylviehippolyte.fr\/index.php?rest_route=\/wp\/v2\/pages\/52","targetHints":{"allow":["GET"]}}],"collection":[{"href":"https:\/\/sylviehippolyte.fr\/index.php?rest_route=\/wp\/v2\/pages"}],"about":[{"href":"https:\/\/sylviehippolyte.fr\/index.php?rest_route=\/wp\/v2\/types\/page"}],"author":[{"embeddable":true,"href":"https:\/\/sylviehippolyte.fr\/index.php?rest_route=\/wp\/v2\/users\/1"}],"replies":[{"embeddable":true,"href":"https:\/\/sylviehippolyte.fr\/index.php?rest_route=%2Fwp%2Fv2%2Fcomments&post=52"}],"version-history":[{"count":2,"href":"https:\/\/sylviehippolyte.fr\/index.php?rest_route=\/wp\/v2\/pages\/52\/revisions"}],"predecessor-version":[{"id":93,"href":"https:\/\/sylviehippolyte.fr\/index.php?rest_route=\/wp\/v2\/pages\/52\/revisions\/93"}],"wp:attachment":[{"href":"https:\/\/sylviehippolyte.fr\/index.php?rest_route=%2Fwp%2Fv2%2Fmedia&parent=52"}],"curies":[{"name":"wp","href":"https:\/\/api.w.org\/{rel}","templated":true}]}}