{"id":41,"date":"2022-02-20T18:55:35","date_gmt":"2022-02-20T17:55:35","guid":{"rendered":"http:\/\/sylviehippolyte.fr\/?page_id=41"},"modified":"2022-03-09T18:48:33","modified_gmt":"2022-03-09T17:48:33","slug":"ma-chere-marie-therese","status":"publish","type":"page","link":"https:\/\/sylviehippolyte.fr\/?page_id=41","title":{"rendered":"Ma ch\u00e8re Marie-Th\u00e9r\u00e8se"},"content":{"rendered":"\n<div class=\"wp-block-media-text alignwide is-stacked-on-mobile is-vertically-aligned-center\" style=\"grid-template-columns:45% auto\"><figure class=\"wp-block-media-text__media\"><img loading=\"lazy\" decoding=\"async\" width=\"487\" height=\"732\" src=\"https:\/\/sylviehippolyte.fr\/wp-content\/uploads\/2022\/03\/3-couverture-MT.png\" alt=\"\" class=\"wp-image-89 size-full\" srcset=\"https:\/\/sylviehippolyte.fr\/wp-content\/uploads\/2022\/03\/3-couverture-MT.png 487w, https:\/\/sylviehippolyte.fr\/wp-content\/uploads\/2022\/03\/3-couverture-MT-200x300.png 200w\" sizes=\"auto, (max-width: 487px) 100vw, 487px\" \/><\/figure><div class=\"wp-block-media-text__content\">\n<p>Georges Hippolyte passe 37 mois sur le front entre 1914 et 1917. Plus de 600 lettres \u00e9crites durant cette p\u00e9riode ont \u00e9t\u00e9 conserv\u00e9es dans sa maison situ\u00e9e \u00e0 Amiens. De plus, il notait les faits essentiels de ses journ\u00e9es. Il a r\u00e9dig\u00e9 et dactylographi\u00e9 une centaine de pages de m\u00e9moires.<\/p>\n\n\n\n<p>Il entre \u00e0 l\u2019\u00c9cole Centrale des Arts et Manufacture pour y suivre une formation d&rsquo;ing\u00e9nieur. Install\u00e9 \u00e0 Lourches, village minier dans le Nord, il travaille pour la Compagnie des Mines de Douchy. Sa famille et celle de son \u00e9pouse habitent dans le Nord, le Pas-de-Calais, l&rsquo;Aisne et la Somme, r\u00e9gions occup\u00e9es par l&rsquo;ennemi. En novembre 1914, il est vers\u00e9 dans le 38<sup>e<\/sup> r\u00e9giment d&rsquo;artillerie. Il d\u00e9fend la patrie sur les terres de l&rsquo;Artois, construit des observatoires autour de Carency, place des lignes t\u00e9l\u00e9phoniques qu&rsquo;il modifie sans cesse. Sa mauvaise vue ne lui permettant pas de commander une batterie, poste qui lui est propos\u00e9, il prend la direction de l&rsquo;approvisionnement du groupe.<\/p>\n\n\n\n<p>Son fr\u00e8re, Fernand, part \u00e0 la guerre avec le grade de caporal-mitrailleur au 273<sup>e<\/sup> r\u00e9giment d&rsquo;infanterie. Il est propuls\u00e9 sur le front de Verdun d&rsquo;o\u00f9 il sort indemne pour aller se faire tuer en juillet 1916 dans la bataille de la Somme, \u00e0 quelques kilom\u00e8tres des siens sans avoir pu les revoir depuis ao\u00fbt 1914. Georges et son p\u00e8re, chacun de leur c\u00f4t\u00e9, partiront \u00e0 la recherche de son corps.<\/p>\n<\/div><\/div>\n\n\n\n<p>Nous suivrons Georges Hippolyte dans le Pas-de-Calais, la Somme, la Marne, la Meuse, la Meurthe-et-Moselle, entre l&rsquo;Oise et l&rsquo;Aisne, puis en Territoire de Belfort, soit au cours de 180 d\u00e9placements. Boulogne-sur-Mer sera sa derni\u00e8re \u00e9tape, d\u00e9tach\u00e9 comme adjoint au d\u00e9l\u00e9gu\u00e9 des charbons d\u00e9pendant du minist\u00e8re de l&rsquo;Armement.<br>Pendant les 37 mois de mobilisation, il portera sa ch\u00e8re Marie-Th\u00e9r\u00e8se \u00e0 bout de bras pour qu&rsquo;elle ne sombre pas dans la d\u00e9pression et y entra\u00eene leur fils. Il lui rappellera aussi ses devoirs d&rsquo;\u00e9pouse de lieutenant. Mais elle ne restera pas inactive&nbsp;: elle h\u00e9bergera des amis \u00e9vacu\u00e9s, elle s&rsquo;ing\u00e9niera \u00e0 collecter des informations sur ceux qui sont bloqu\u00e9s dans la zone envahie pour les communiquer aux int\u00e9ress\u00e9s par des circuits divers, elle exp\u00e9diera des colis aux soldats et aux prisonniers, elle prendra rendez-vous avec des entreprises pour que Georges quitte le front. La guerre l&rsquo;\u00e9mancipe&nbsp;: elle voyage seule, d\u00e9cide seule, r\u00e9alise des op\u00e9rations bancaires, elle \u00e9l\u00e8ve seule leur fils, elle a pris la place du chef de famille.<\/p>\n\n\n\n<p>Il y a peu de lettres de Fernand, Georges ne les gardait pas, celles qui nous restent sont un exemple de son courage, de sa t\u00e9nacit\u00e9, du sens du devoir et de l&rsquo;honneur. Fernand se r\u00e9voltait parfois, mais se d\u00e9fon\u00e7ait en premi\u00e8re ligne pour prot\u00e9ger ses fr\u00e8res d&rsquo;armes. Georges et Fernand sont des hommes porteurs de grandes valeurs.<\/p>\n","protected":false},"excerpt":{"rendered":"<p>Georges Hippolyte passe 37 mois sur le front entre 1914 et 1917. Plus de 600 lettres&#46;&#46;&#46;<\/p>\n","protected":false},"author":1,"featured_media":0,"parent":0,"menu_order":0,"comment_status":"closed","ping_status":"closed","template":"","meta":{"footnotes":""},"class_list":["post-41","page","type-page","status-publish","hentry"],"post_mailing_queue_ids":[],"_links":{"self":[{"href":"https:\/\/sylviehippolyte.fr\/index.php?rest_route=\/wp\/v2\/pages\/41","targetHints":{"allow":["GET"]}}],"collection":[{"href":"https:\/\/sylviehippolyte.fr\/index.php?rest_route=\/wp\/v2\/pages"}],"about":[{"href":"https:\/\/sylviehippolyte.fr\/index.php?rest_route=\/wp\/v2\/types\/page"}],"author":[{"embeddable":true,"href":"https:\/\/sylviehippolyte.fr\/index.php?rest_route=\/wp\/v2\/users\/1"}],"replies":[{"embeddable":true,"href":"https:\/\/sylviehippolyte.fr\/index.php?rest_route=%2Fwp%2Fv2%2Fcomments&post=41"}],"version-history":[{"count":4,"href":"https:\/\/sylviehippolyte.fr\/index.php?rest_route=\/wp\/v2\/pages\/41\/revisions"}],"predecessor-version":[{"id":167,"href":"https:\/\/sylviehippolyte.fr\/index.php?rest_route=\/wp\/v2\/pages\/41\/revisions\/167"}],"wp:attachment":[{"href":"https:\/\/sylviehippolyte.fr\/index.php?rest_route=%2Fwp%2Fv2%2Fmedia&parent=41"}],"curies":[{"name":"wp","href":"https:\/\/api.w.org\/{rel}","templated":true}]}}