{"id":30,"date":"2022-02-20T18:48:49","date_gmt":"2022-02-20T17:48:49","guid":{"rendered":"http:\/\/sylviehippolyte.fr\/?page_id=30"},"modified":"2022-03-06T20:37:09","modified_gmt":"2022-03-06T19:37:09","slug":"les-jeudis-muets","status":"publish","type":"page","link":"https:\/\/sylviehippolyte.fr\/?page_id=30","title":{"rendered":"Les jeudis muets"},"content":{"rendered":"\n<div class=\"wp-block-media-text alignwide is-stacked-on-mobile is-vertically-aligned-center\" style=\"grid-template-columns:42% auto\"><figure class=\"wp-block-media-text__media\"><img loading=\"lazy\" decoding=\"async\" width=\"675\" height=\"1024\" src=\"https:\/\/sylviehippolyte.fr\/wp-content\/uploads\/2022\/02\/Couverture-JM-1-675x1024.jpg\" alt=\"\" class=\"wp-image-32 size-full\" srcset=\"https:\/\/sylviehippolyte.fr\/wp-content\/uploads\/2022\/02\/Couverture-JM-1-675x1024.jpg 675w, https:\/\/sylviehippolyte.fr\/wp-content\/uploads\/2022\/02\/Couverture-JM-1-198x300.jpg 198w, https:\/\/sylviehippolyte.fr\/wp-content\/uploads\/2022\/02\/Couverture-JM-1-768x1165.jpg 768w, https:\/\/sylviehippolyte.fr\/wp-content\/uploads\/2022\/02\/Couverture-JM-1-1012x1536.jpg 1012w, https:\/\/sylviehippolyte.fr\/wp-content\/uploads\/2022\/02\/Couverture-JM-1-1350x2048.jpg 1350w, https:\/\/sylviehippolyte.fr\/wp-content\/uploads\/2022\/02\/Couverture-JM-1-920x1396.jpg 920w, https:\/\/sylviehippolyte.fr\/wp-content\/uploads\/2022\/02\/Couverture-JM-1-scaled.jpg 1687w\" sizes=\"auto, (max-width: 675px) 100vw, 675px\" \/><\/figure><div class=\"wp-block-media-text__content\">\n<p>\u00c0 6 ans mon bonheur d&rsquo;enfant est arriv\u00e9 \u00e0 son terme. Pourtant, j&rsquo;ai re\u00e7u un pr\u00e9nom d&rsquo;amour, Fina, que j&rsquo;entendais lorsque mes parents \u00e9taient contents de moi. Un pr\u00e9nom parfum\u00e9 de leur tendresse.<\/p>\n\n\n\n<p>C&rsquo;\u00e9tait autrefois, avant que les cloisons ne tremblent sous les hurlements, les portes claquent, les assiettes voltigent, avant que mon p\u00e8re nous quitte d\u00e9finitivement et que s&rsquo;installent la haine et la vengeance. Trois enfants qui grandiront sous la tyrannie d&rsquo;une maman toute-puissante.<\/p>\n\n\n\n<p>Les gifles, les coups et les punitions s&rsquo;abattent sans raison autre qu&rsquo;un regard mal dirig\u00e9, un sourire consid\u00e9r\u00e9 comme une moquerie ou une grimace, une parole jug\u00e9e inconvenante, une m\u00e8che de cheveux de travers, un v\u00eatement malencontreusement tach\u00e9, une gaiet\u00e9 spontan\u00e9e&#8230; Juste ce qu&rsquo;il faut pour que \u00e7a ne laisse pas de traces.<\/p>\n\n\n\n<p>La lecture me sert de refuge, de palliatif, j&rsquo;y puise ma nourriture et mes mod\u00e8les. Nous rusons pour grappiller quelques heures de libert\u00e9.<\/p>\n<\/div><\/div>\n\n\n\n<p>J&rsquo;ai \u00e9crit <em>Les jeudis muets<\/em> pour lever le voile sur la maltraitance psychologique trop r\u00e9pandue et m\u00e9connue, difficile \u00e0 rep\u00e9rer. En grandissant j&rsquo;ai compris que la maltraitance dont nous \u00e9tions victimes de la part de notre m\u00e8re n&rsquo;\u00e9tait pas dirig\u00e9e contre nous, mais contre son ex-mari qui l&rsquo;avait abandonn\u00e9e et dont elle gardait une profonde blessure. Elle avait jur\u00e9 de l&rsquo;an\u00e9antir. Chaque fois qu&rsquo;elle nous frappait et nous humiliait, c&rsquo;\u00e9tait lui qu&rsquo;elle frappait et humiliait. Comme elle ne pouvait pas l&rsquo;atteindre, elle allait d\u00e9truire ses filles. La maltraitance ne s&rsquo;arr\u00eaterait jamais, pire, elle augmenterait devant l&rsquo;impunit\u00e9.<\/p>\n\n\n\n<p>Ces maltraitances psychologiques sont invisibles, elles se d\u00e9roulent dans le huis clos familial, elles \u00e9chappent au regard ext\u00e9rieur. Elles d\u00e9truisent la personnalit\u00e9 de l&rsquo;enfant. Nous avions une jolie maman, soign\u00e9e de sa personne, cultiv\u00e9e, intelligente, que son entourage plaignait d&rsquo;\u00e9lever seule ses trois filles. \u00ab\u00a0Elle est courageuse, elle est m\u00e9ritante, elle est exemplaire\u00a0\u00bb, disait-on dans son dos. Une maman insoup\u00e7onnable.<\/p>\n\n\n\n<p>Le silence autour de la maltraitance faite aux enfants est inacceptable. En parler est un devoir pour la conna\u00eetre, l&rsquo;enrayer, pour d\u00e9masquer les auteurs, pour prot\u00e9ger les petits d&rsquo;homme.<\/p>\n","protected":false},"excerpt":{"rendered":"<p>\u00c0 6 ans mon bonheur d&rsquo;enfant est arriv\u00e9 \u00e0 son terme. Pourtant, j&rsquo;ai re\u00e7u un pr\u00e9nom&#46;&#46;&#46;<\/p>\n","protected":false},"author":1,"featured_media":0,"parent":0,"menu_order":0,"comment_status":"closed","ping_status":"closed","template":"","meta":{"footnotes":""},"class_list":["post-30","page","type-page","status-publish","hentry"],"post_mailing_queue_ids":[],"_links":{"self":[{"href":"https:\/\/sylviehippolyte.fr\/index.php?rest_route=\/wp\/v2\/pages\/30","targetHints":{"allow":["GET"]}}],"collection":[{"href":"https:\/\/sylviehippolyte.fr\/index.php?rest_route=\/wp\/v2\/pages"}],"about":[{"href":"https:\/\/sylviehippolyte.fr\/index.php?rest_route=\/wp\/v2\/types\/page"}],"author":[{"embeddable":true,"href":"https:\/\/sylviehippolyte.fr\/index.php?rest_route=\/wp\/v2\/users\/1"}],"replies":[{"embeddable":true,"href":"https:\/\/sylviehippolyte.fr\/index.php?rest_route=%2Fwp%2Fv2%2Fcomments&post=30"}],"version-history":[{"count":6,"href":"https:\/\/sylviehippolyte.fr\/index.php?rest_route=\/wp\/v2\/pages\/30\/revisions"}],"predecessor-version":[{"id":88,"href":"https:\/\/sylviehippolyte.fr\/index.php?rest_route=\/wp\/v2\/pages\/30\/revisions\/88"}],"wp:attachment":[{"href":"https:\/\/sylviehippolyte.fr\/index.php?rest_route=%2Fwp%2Fv2%2Fmedia&parent=30"}],"curies":[{"name":"wp","href":"https:\/\/api.w.org\/{rel}","templated":true}]}}